{"id":477,"date":"2021-10-25T14:14:18","date_gmt":"2021-10-25T12:14:18","guid":{"rendered":"http:\/\/fsrecykling.pl\/?page_id=477"},"modified":"2021-10-25T14:14:36","modified_gmt":"2021-10-25T12:14:36","slug":"regulamin-rodo","status":"publish","type":"page","link":"https:\/\/fsrecykling.pl\/index.php\/regulamin-rodo\/","title":{"rendered":"Regulamin RODO"},"content":{"rendered":"<div  class='flex_column av-av_one_fifth-d846867a37b468541bc8830743d44203 av_one_fifth  avia-builder-el-0  el_before_av_three_fifth  avia-builder-el-first  first flex_column_div  '     ><\/div>\n<div  class='flex_column av-av_three_fifth-337486787960716147ecfb4074cb91c6 av_three_fifth  avia-builder-el-1  el_after_av_one_fifth  el_before_av_one_fifth  flex_column_div  '     ><p>\n<style type=\"text\/css\" data-created_by=\"avia_inline_auto\" id=\"style-css-av-kv6mdgea-eeb8c3fb125b1815178eefaf8b9a96dd\">\n#top .av-special-heading.av-kv6mdgea-eeb8c3fb125b1815178eefaf8b9a96dd{\npadding-bottom:10px;\n}\nbody .av-special-heading.av-kv6mdgea-eeb8c3fb125b1815178eefaf8b9a96dd .av-special-heading-tag .heading-char{\nfont-size:25px;\n}\n.av-special-heading.av-kv6mdgea-eeb8c3fb125b1815178eefaf8b9a96dd .av-subheading{\nfont-size:15px;\n}\n<\/style>\n<div  class='av-special-heading av-kv6mdgea-eeb8c3fb125b1815178eefaf8b9a96dd av-special-heading-h3 blockquote modern-quote modern-centered  avia-builder-el-2  el_before_av_textblock  avia-builder-el-first '><h3 class='av-special-heading-tag '  itemprop=\"headline\"  >Regulamin RODO<\/h3><div class=\"special-heading-border\"><div class=\"special-heading-inner-border\"><\/div><\/div><\/div><br \/>\n<section  class='av_textblock_section av-kv6mgkxf-9fa8101e7d54db81bcbb17f89913cf32 '   itemscope=\"itemscope\" itemtype=\"https:\/\/schema.org\/CreativeWork\" ><div class='avia_textblock'  itemprop=\"text\" ><p style=\"text-align: justify;\"><strong>Pa\u0144stwa dane s\u0105 bezpieczne<\/strong><br \/>\nSzanowni Pa\u0144stwo, w zwi\u0105zku z tym, \u017ce od 25 maja 2018r. ma zastosowanie Rozporz\u0105dzenie Parlamentu Europejskiego i Rady (UE) 2016\/679 z dnia 27 kwietnia 2016r. w sprawie ochrony os\u00f3b fizycznych w zwi\u0105zku z przetwarzaniem danych osobowych i w sprawie swobodnego przep\u0142ywu takich danych oraz uchylenia dyrektywy 95\/46\/WE (og\u00f3lne rozporz\u0105dzenie o ochronie danych), przekazujemy informacje dotycz\u0105ce Pa\u0144stwa danych osobowych.<\/p>\n<p style=\"text-align: justify;\"><strong>Kto przetwarza Pa\u0144stwa dane?<\/strong><br \/>\nInformujemy, \u017ce administratorem Pa\u0144stwa danych osobowych jest Firma Skowro\u0144ski ul. P\u0142aska 36,\u00a087-100 Toru\u0144.<\/p>\n<p style=\"text-align: justify;\"><strong>W jakim celu dane s\u0105 przetwarzane?<\/strong><br \/>\nZgodnie z nowymi przepisami, uwzgl\u0119dniaj\u0105c potrzeb\u0119 zachowania kontaktu z Pa\u0144stwem informujemy, \u017ce dane przekazane przez Pa\u0144stwa pos\u0142u\u017c\u0105 nam w celu przedstawienia ofert handlowych i korespondencji biznesowej prowadzonej przez nasz\u0105 firm\u0119, a tak\u017ce w celu odpowiedzi na Pa\u0144stwa pytania w spos\u00f3b, na kt\u00f3ry zosta\u0142a wyra\u017cona takowa zgoda. Dla utrzymania relacji biznesowej dane zostan\u0105 przechowane bezterminowo. Podstaw\u0105 prawn\u0105 przetwarzania danych osobowych jest prawnie uzasadniony interes Firmy. Co do zasady, w naszej bazie przechowujemy imi\u0119 i nazwisko, nazwa firmy, adres, NIP, adres e-mail i numer telefonu.<\/p>\n<p style=\"text-align: justify;\"><strong>Dost\u0119p i zarz\u0105dzanie danymi<\/strong><br \/>\nZgodnie z przepisami wskazanego Rozporz\u0105dzenia, przys\u0142uguje Pa\u0144stwu prawo do: \u017c\u0105dania dost\u0119pu do swoich danych osobowych, ich sprostowania, usuni\u0119cia lub ograniczenia przetwarzania, a tak\u017ce prawo do przenoszenia danych, cofni\u0119cia zgody na przetwarzanie danych w dowolnym momencie, wniesienia skargi do organu nadzorczego.<\/p>\n<p style=\"text-align: justify;\">W przypadku sprzeciwu przetwarzania danych i tym samym zaprzestania ich przetwarzania prosimy o przes\u0142anie takiej informacji w formie wiadomo\u015bci zwrotnej. Podkre\u015blamy, \u017ce Pa\u0144stwa dane s\u0105 u nas bezpiecznie. Jednocze\u015bnie informujemy, \u017ce przy braku Pa\u0144stwa sprzeciwu do tego czasu, Firma Skowro\u0144ski b\u0119dzie stale przechowywa\u0107 Pa\u0144stwa dane osobowe i korzysta\u0107 z nich w celu utrzymania relacji biznesowej i wysy\u0142ania korespondencji na zasadach nawi\u0105zuj\u0105cych do dotychczasowej wsp\u00f3\u0142pracy.<\/p>\n<\/div><\/section><\/p><\/div><div  class='flex_column av-av_one_fifth-337486787960716147ecfb4074cb91c6 av_one_fifth  avia-builder-el-4  el_after_av_three_fifth  avia-builder-el-last  flex_column_div  '     ><\/div><\/p>\n","protected":false},"excerpt":{"rendered":"","protected":false},"author":1,"featured_media":0,"parent":0,"menu_order":0,"comment_status":"closed","ping_status":"closed","template":"","meta":{"footnotes":""},"class_list":["post-477","page","type-page","status-publish","hentry"],"yoast_head":"<!-- This site is optimized with the Yoast SEO plugin v17.9 - https:\/\/yoast.com\/wordpress\/plugins\/seo\/ -->\n<title>Regulamin RODO - Firma Skowro\u0144ski Recykling<\/title>\n<meta name=\"robots\" content=\"index, follow, max-snippet:-1, max-image-preview:large, max-video-preview:-1\" \/>\n<link rel=\"canonical\" href=\"https:\/\/fsrecykling.pl\/index.php\/regulamin-rodo\/\" \/>\n<meta property=\"og:locale\" content=\"pl_PL\" \/>\n<meta property=\"og:type\" content=\"article\" \/>\n<meta property=\"og:title\" content=\"Regulamin RODO - Firma Skowro\u0144ski Recykling\" \/>\n<meta property=\"og:url\" content=\"https:\/\/fsrecykling.pl\/index.php\/regulamin-rodo\/\" \/>\n<meta property=\"og:site_name\" content=\"Firma Skowro\u0144ski Recykling\" \/>\n<meta property=\"article:modified_time\" content=\"2021-10-25T12:14:36+00:00\" \/>\n<meta name=\"twitter:card\" content=\"summary_large_image\" \/>\n<meta name=\"twitter:label1\" content=\"Szacowany czas czytania\" \/>\n\t<meta name=\"twitter:data1\" content=\"6 minut\" \/>\n<script type=\"application\/ld+json\" class=\"yoast-schema-graph\">{\"@context\":\"https:\/\/schema.org\",\"@graph\":[{\"@type\":\"WebSite\",\"@id\":\"https:\/\/fsrecykling.pl\/#website\",\"url\":\"https:\/\/fsrecykling.pl\/\",\"name\":\"Firma Skowro\\u0144ski Recykling\",\"description\":\"\",\"potentialAction\":[{\"@type\":\"SearchAction\",\"target\":{\"@type\":\"EntryPoint\",\"urlTemplate\":\"https:\/\/fsrecykling.pl\/?s={search_term_string}\"},\"query-input\":\"required name=search_term_string\"}],\"inLanguage\":\"pl-PL\"},{\"@type\":\"WebPage\",\"@id\":\"https:\/\/fsrecykling.pl\/index.php\/regulamin-rodo\/#webpage\",\"url\":\"https:\/\/fsrecykling.pl\/index.php\/regulamin-rodo\/\",\"name\":\"Regulamin RODO - Firma Skowro\\u0144ski Recykling\",\"isPartOf\":{\"@id\":\"https:\/\/fsrecykling.pl\/#website\"},\"datePublished\":\"2021-10-25T12:14:18+00:00\",\"dateModified\":\"2021-10-25T12:14:36+00:00\",\"breadcrumb\":{\"@id\":\"https:\/\/fsrecykling.pl\/index.php\/regulamin-rodo\/#breadcrumb\"},\"inLanguage\":\"pl-PL\",\"potentialAction\":[{\"@type\":\"ReadAction\",\"target\":[\"https:\/\/fsrecykling.pl\/index.php\/regulamin-rodo\/\"]}]},{\"@type\":\"BreadcrumbList\",\"@id\":\"https:\/\/fsrecykling.pl\/index.php\/regulamin-rodo\/#breadcrumb\",\"itemListElement\":[{\"@type\":\"ListItem\",\"position\":1,\"name\":\"Strona g\\u0142\\u00f3wna\",\"item\":\"https:\/\/fsrecykling.pl\/index.php\/home\/\"},{\"@type\":\"ListItem\",\"position\":2,\"name\":\"Regulamin RODO\"}]}]}<\/script>\n<!-- \/ Yoast SEO plugin. -->","yoast_head_json":{"title":"Regulamin RODO - Firma Skowro\u0144ski Recykling","robots":{"index":"index","follow":"follow","max-snippet":"max-snippet:-1","max-image-preview":"max-image-preview:large","max-video-preview":"max-video-preview:-1"},"canonical":"https:\/\/fsrecykling.pl\/index.php\/regulamin-rodo\/","og_locale":"pl_PL","og_type":"article","og_title":"Regulamin RODO - Firma Skowro\u0144ski Recykling","og_url":"https:\/\/fsrecykling.pl\/index.php\/regulamin-rodo\/","og_site_name":"Firma Skowro\u0144ski Recykling","article_modified_time":"2021-10-25T12:14:36+00:00","twitter_card":"summary_large_image","twitter_misc":{"Szacowany czas czytania":"6 minut"},"schema":{"@context":"https:\/\/schema.org","@graph":[{"@type":"WebSite","@id":"https:\/\/fsrecykling.pl\/#website","url":"https:\/\/fsrecykling.pl\/","name":"Firma Skowro\u0144ski Recykling","description":"","potentialAction":[{"@type":"SearchAction","target":{"@type":"EntryPoint","urlTemplate":"https:\/\/fsrecykling.pl\/?s={search_term_string}"},"query-input":"required name=search_term_string"}],"inLanguage":"pl-PL"},{"@type":"WebPage","@id":"https:\/\/fsrecykling.pl\/index.php\/regulamin-rodo\/#webpage","url":"https:\/\/fsrecykling.pl\/index.php\/regulamin-rodo\/","name":"Regulamin RODO - Firma Skowro\u0144ski Recykling","isPartOf":{"@id":"https:\/\/fsrecykling.pl\/#website"},"datePublished":"2021-10-25T12:14:18+00:00","dateModified":"2021-10-25T12:14:36+00:00","breadcrumb":{"@id":"https:\/\/fsrecykling.pl\/index.php\/regulamin-rodo\/#breadcrumb"},"inLanguage":"pl-PL","potentialAction":[{"@type":"ReadAction","target":["https:\/\/fsrecykling.pl\/index.php\/regulamin-rodo\/"]}]},{"@type":"BreadcrumbList","@id":"https:\/\/fsrecykling.pl\/index.php\/regulamin-rodo\/#breadcrumb","itemListElement":[{"@type":"ListItem","position":1,"name":"Strona g\u0142\u00f3wna","item":"https:\/\/fsrecykling.pl\/index.php\/home\/"},{"@type":"ListItem","position":2,"name":"Regulamin RODO"}]}]}},"_links":{"self":[{"href":"https:\/\/fsrecykling.pl\/index.php\/wp-json\/wp\/v2\/pages\/477","targetHints":{"allow":["GET"]}}],"collection":[{"href":"https:\/\/fsrecykling.pl\/index.php\/wp-json\/wp\/v2\/pages"}],"about":[{"href":"https:\/\/fsrecykling.pl\/index.php\/wp-json\/wp\/v2\/types\/page"}],"author":[{"embeddable":true,"href":"https:\/\/fsrecykling.pl\/index.php\/wp-json\/wp\/v2\/users\/1"}],"replies":[{"embeddable":true,"href":"https:\/\/fsrecykling.pl\/index.php\/wp-json\/wp\/v2\/comments?post=477"}],"version-history":[{"count":1,"href":"https:\/\/fsrecykling.pl\/index.php\/wp-json\/wp\/v2\/pages\/477\/revisions"}],"predecessor-version":[{"id":478,"href":"https:\/\/fsrecykling.pl\/index.php\/wp-json\/wp\/v2\/pages\/477\/revisions\/478"}],"wp:attachment":[{"href":"https:\/\/fsrecykling.pl\/index.php\/wp-json\/wp\/v2\/media?parent=477"}],"curies":[{"name":"wp","href":"https:\/\/api.w.org\/{rel}","templated":true}]}}