{"id":632,"date":"2022-05-19T10:32:08","date_gmt":"2022-05-19T08:32:08","guid":{"rendered":"http:\/\/fsrecykling.pl\/?page_id=632"},"modified":"2022-05-19T10:46:02","modified_gmt":"2022-05-19T08:46:02","slug":"aktualnosci","status":"publish","type":"page","link":"https:\/\/fsrecykling.pl\/index.php\/aktualnosci\/","title":{"rendered":"Aktualno\u015bci"},"content":{"rendered":"\n<style type=\"text\/css\" data-created_by=\"avia_inline_auto\" id=\"style-css-av-14miy8-6b1b6b9d3e1606e5c4e24d91f6176b70\">\n.avia-section.av-14miy8-6b1b6b9d3e1606e5c4e24d91f6176b70 .av-parallax .av-parallax-inner{\nbackground-repeat:no-repeat;\nbackground-image:url(https:\/\/fsrecykling.pl\/wp-content\/uploads\/2022\/05\/Recykling-bcg.jpg);\nbackground-position:50% 50%;\nbackground-attachment:scroll;\n}\n<\/style>\n<div id='av_section_1'  class='avia-section av-14miy8-6b1b6b9d3e1606e5c4e24d91f6176b70 main_color avia-section-default avia-no-border-styling  avia-builder-el-0  el_before_av_layout_row  avia-builder-el-first  avia-full-stretch av-parallax-section avia-bg-style-parallax container_wrap sidebar_right'  data-section-bg-repeat='stretch'><div class='av-parallax' data-avia-parallax-ratio='0.3' ><div class='av-parallax-inner main_color avia-full-stretch'><\/div><\/div><div class='container av-section-cont-open' ><main  role=\"main\" itemprop=\"mainContentOfPage\"  class='template-page content  av-content-small alpha units'><div class='post-entry post-entry-type-page post-entry-632'><div class='entry-content-wrapper clearfix'>\n\n<style type=\"text\/css\" data-created_by=\"avia_inline_auto\" id=\"style-css-av-wwqy8-5ff6e8eb4cdb7bfd64402db749f29878\">\n#top .hr.hr-invisible.av-wwqy8-5ff6e8eb4cdb7bfd64402db749f29878{\nheight:50px;\n}\n<\/style>\n<div  class='hr av-wwqy8-5ff6e8eb4cdb7bfd64402db749f29878 hr-invisible  avia-builder-el-1  el_before_av_one_third  avia-builder-el-first '><span class='hr-inner '><span class=\"hr-inner-style\"><\/span><\/span><\/div>\n<div  class='flex_column av-s21lk-2736e76465930f08e762f83688a8cd6c av_one_third  avia-builder-el-2  el_after_av_hr  el_before_av_one_third  first flex_column_div  '     ><\/div><div  class='flex_column av-28728-c84b04512bca7e90f50eab091fee2fde av_one_third  avia-builder-el-3  el_after_av_one_third  el_before_av_one_third  flex_column_div  '     ><style type=\"text\/css\" data-created_by=\"avia_inline_auto\" id=\"style-css-av-l3cra9lo-0ad1cb80ef1262b32005260c4cc4f308\">\n#top .av-special-heading.av-l3cra9lo-0ad1cb80ef1262b32005260c4cc4f308{\npadding-bottom:0;\ncolor:#ffffff;\n}\nbody .av-special-heading.av-l3cra9lo-0ad1cb80ef1262b32005260c4cc4f308 .av-special-heading-tag .heading-char{\nfont-size:25px;\n}\n.av-special-heading.av-l3cra9lo-0ad1cb80ef1262b32005260c4cc4f308 .special-heading-inner-border{\nborder-color:#ffffff;\n}\n.av-special-heading.av-l3cra9lo-0ad1cb80ef1262b32005260c4cc4f308 .av-subheading{\nfont-size:15px;\n}\n<\/style>\n<div  class='av-special-heading av-l3cra9lo-0ad1cb80ef1262b32005260c4cc4f308 av-special-heading-h2 custom-color-heading blockquote modern-quote modern-centered  avia-builder-el-4  avia-builder-el-no-sibling '><h2 class='av-special-heading-tag '  itemprop=\"headline\"  >Aktualno\u015bci<\/h2><div class=\"special-heading-border\"><div class=\"special-heading-inner-border\"><\/div><\/div><\/div><\/div><div  class='flex_column av-f2zk0-20ca58cab4f511b9c8508a2767d9a168 av_one_third  avia-builder-el-5  el_after_av_one_third  el_before_av_hr  flex_column_div  '     ><\/div>\n<style type=\"text\/css\" data-created_by=\"avia_inline_auto\" id=\"style-css-av-alqrs-e291a9082b879233ea15be904f76b0d1\">\n#top .hr.hr-invisible.av-alqrs-e291a9082b879233ea15be904f76b0d1{\nheight:50px;\n}\n<\/style>\n<div  class='hr av-alqrs-e291a9082b879233ea15be904f76b0d1 hr-invisible  avia-builder-el-6  el_after_av_one_third  avia-builder-el-last '><span class='hr-inner '><span class=\"hr-inner-style\"><\/span><\/span><\/div>\n\n<\/div><\/div><\/main><!-- close content main element --><\/div><\/div><div id='av-layout-grid-1'  class='av-layout-grid-container av-cwr74-cb031130670fe36e1a79cb52802340b8 entry-content-wrapper main_color av-flex-cells  avia-builder-el-7  el_after_av_section  avia-builder-el-last  grid-row-not-first  container_wrap sidebar_right'  >\n\n<style type=\"text\/css\" data-created_by=\"avia_inline_auto\" id=\"style-css-av-l3crgh0n-99a1f62bf99ca02a749889e42884b35c\">\n.flex_cell.av-l3crgh0n-99a1f62bf99ca02a749889e42884b35c{\nvertical-align:top;\nbackground-color:#f2f2f2;\n}\n.responsive #top #wrap_all .flex_cell.av-l3crgh0n-99a1f62bf99ca02a749889e42884b35c{\npadding:30px 30px 30px 30px !important;\n}\n<\/style>\n<div class='flex_cell av-l3crgh0n-99a1f62bf99ca02a749889e42884b35c av-gridrow-cell av_one_fifth no_margin  avia-builder-el-8  el_before_av_cell_three_fifth  avia-builder-el-first  content-align-top'  ><div class='flex_cell_inner'><\/div><\/div><div class='flex_cell av-ahgg8-1427aacf8dcea963202fd76183869e7b av-gridrow-cell av_three_fifth no_margin  avia-builder-el-9  el_after_av_cell_one_fifth  el_before_av_cell_one_fifth '  ><div class='flex_cell_inner'><div  class='av-alb-blogposts template-blog  '  itemscope=\"itemscope\" itemtype=\"https:\/\/schema.org\/Blog\" ><article class=\"post-entry post-entry-type-standard post-entry-649 post-loop-1 post-parity-odd post-entry-last single-big with-slider post-649 post type-post status-publish format-standard has-post-thumbnail hentry category-news\"  itemscope=\"itemscope\" itemtype=\"https:\/\/schema.org\/BlogPosting\" ><div class=\"blog-meta\"><\/div><div class='entry-content-wrapper clearfix standard-content'><header class=\"entry-content-header\" aria-label=\"Post: Wyg\u0142oszenie prelekcji \u201eNowo\u015bci technologiczne \u2013 Recykling blistra farmaceutycznego jako przyk\u0142ad nowych rozwi\u0105za\u0144 w obszarze odzysku\u201d\"><div class=\"av-heading-wrapper\"><span class=\"blog-categories minor-meta\"><a href=\"https:\/\/fsrecykling.pl\/index.php\/category\/news\/\" rel=\"tag\">News<\/a><\/span><h2 class='post-title entry-title '  itemprop=\"headline\" ><a href=\"https:\/\/fsrecykling.pl\/index.php\/2022\/05\/19\/wygloszenie-prelekcji-nowosci-technologiczne-recykling-blistra-farmaceutycznego-jako-przyklad-nowych-rozwiazan-w-obszarze-odzysku\/\" rel=\"bookmark\" title=\"Permanent Link: Wyg\u0142oszenie prelekcji \u201eNowo\u015bci technologiczne \u2013 Recykling blistra farmaceutycznego jako przyk\u0142ad nowych rozwi\u0105za\u0144 w obszarze odzysku\u201d\">Wyg\u0142oszenie prelekcji \u201eNowo\u015bci technologiczne \u2013 Recykling blistra farmaceutycznego jako przyk\u0142ad nowych rozwi\u0105za\u0144 w obszarze odzysku\u201d<span class=\"post-format-icon minor-meta\"><\/span><\/a><\/h2><\/div><\/header><span class=\"av-vertical-delimiter\"><\/span><div class=\"big-preview single-big\"  itemprop=\"image\" itemscope=\"itemscope\" itemtype=\"https:\/\/schema.org\/ImageObject\" ><a href=\"https:\/\/fsrecykling.pl\/index.php\/2022\/05\/19\/wygloszenie-prelekcji-nowosci-technologiczne-recykling-blistra-farmaceutycznego-jako-przyklad-nowych-rozwiazan-w-obszarze-odzysku\/\"  title=\"g?\u00c3\u00b3wne\" ><img decoding=\"async\" loading=\"lazy\" width=\"845\" height=\"321\" src=\"https:\/\/fsrecykling.pl\/wp-content\/uploads\/2022\/05\/gA\u00b3wne-845x321.jpg\" class=\"wp-image-650 avia-img-lazy-loading-650 attachment-entry_with_sidebar size-entry_with_sidebar wp-post-image\" alt=\"\" \/><\/a><\/div><div class=\"entry-content\"  itemprop=\"text\" ><div class=\"read-more-link\"><a href=\"https:\/\/fsrecykling.pl\/index.php\/2022\/05\/19\/wygloszenie-prelekcji-nowosci-technologiczne-recykling-blistra-farmaceutycznego-jako-przyklad-nowych-rozwiazan-w-obszarze-odzysku\/\" class=\"more-link\">Czytaj dalej<span class='more-link-arrow avia-svg-icon avia-font-svg_entypo-fontello' data-av_svg_icon='right-open-big' data-av_iconset='svg_entypo-fontello'><svg version=\"1.1\" xmlns=\"http:\/\/www.w3.org\/2000\/svg\" width=\"15\" height=\"32\" viewBox=\"0 0 15 32\" preserveAspectRatio=\"xMidYMid meet\" role=\"graphics-symbol\" aria-hidden=\"true\">\n<path d=\"M0.416 27.84l11.456-11.84-11.456-11.904q-0.832-0.832 0-1.536 0.832-0.832 1.536 0l12.544 12.608q0.768 0.832 0 1.6l-12.544 12.608q-0.704 0.832-1.536 0-0.832-0.704 0-1.536z\"><\/path>\n<\/svg><\/span><\/a><\/div>\n<\/div><span class=\"post-meta-infos\"><time class=\"date-container minor-meta updated\"  itemprop=\"datePublished\" datetime=\"2022-05-19T10:44:40+02:00\" >19 maja 2022<\/time><span class=\"text-sep\">\/<\/span><span class=\"comment-container minor-meta\"><a href=\"https:\/\/fsrecykling.pl\/index.php\/2022\/05\/19\/wygloszenie-prelekcji-nowosci-technologiczne-recykling-blistra-farmaceutycznego-jako-przyklad-nowych-rozwiazan-w-obszarze-odzysku\/#respond\" class=\"comments-link\" >0 Komentarze<\/a><\/span><span class=\"text-sep\">\/<\/span><span class=\"blog-author minor-meta\">Autor <span class=\"entry-author-link\"  itemprop=\"author\" ><span class=\"author\"><span class=\"fn\"><a href=\"https:\/\/fsrecykling.pl\/index.php\/author\/kris\/\" title=\"Wpisy od Kris\" rel=\"author\">Kris<\/a><\/span><\/span><\/span><\/span><\/span><footer class=\"entry-footer\"><\/footer><div class='post_delimiter'><\/div><\/div><div class=\"post_author_timeline\"><\/div><span class='hidden'>\n\t\t\t\t<span class='av-structured-data'  itemprop=\"image\" itemscope=\"itemscope\" itemtype=\"https:\/\/schema.org\/ImageObject\" >\n\t\t\t\t\t\t<span itemprop='url'>https:\/\/fsrecykling.pl\/wp-content\/uploads\/2022\/05\/gA\u00b3wne.jpg<\/span>\n\t\t\t\t\t\t<span itemprop='height'>715<\/span>\n\t\t\t\t\t\t<span itemprop='width'>985<\/span>\n\t\t\t\t<\/span>\n\t\t\t\t<span class='av-structured-data'  itemprop=\"publisher\" itemtype=\"https:\/\/schema.org\/Organization\" itemscope=\"itemscope\" >\n\t\t\t\t\t\t<span itemprop='name'>Kris<\/span>\n\t\t\t\t\t\t<span itemprop='logo' itemscope itemtype='https:\/\/schema.org\/ImageObject'>\n\t\t\t\t\t\t\t<span itemprop='url'>http:\/\/fsrecykling.pl\/wp-content\/uploads\/2021\/10\/FS-RECYKLING-Logo.png<\/span>\n\t\t\t\t\t\t<\/span>\n\t\t\t\t<\/span><span class='av-structured-data'  itemprop=\"author\" itemscope=\"itemscope\" itemtype=\"https:\/\/schema.org\/Person\" ><span itemprop='name'>Kris<\/span><\/span><span class='av-structured-data'  itemprop=\"datePublished\" datetime=\"2022-05-19T10:44:40+02:00\" >2022-05-19 10:44:40<\/span><span class='av-structured-data'  itemprop=\"dateModified\" itemtype=\"https:\/\/schema.org\/dateModified\" >2022-05-19 10:48:21<\/span><span class='av-structured-data'  itemprop=\"mainEntityOfPage\" itemtype=\"https:\/\/schema.org\/mainEntityOfPage\" ><span itemprop='name'>Wyg\u0142oszenie prelekcji \u201eNowo\u015bci technologiczne \u2013 Recykling blistra farmaceutycznego jako przyk\u0142ad nowych rozwi\u0105za\u0144 w obszarze odzysku\u201d<\/span><\/span><\/span><\/article><div class='single-big'><\/div><\/div>\n<\/div><\/div>\n<style type=\"text\/css\" data-created_by=\"avia_inline_auto\" id=\"style-css-av-l3crgsu5-f7eba4b0e86b949cb63b09762b1bc9a3\">\n.flex_cell.av-l3crgsu5-f7eba4b0e86b949cb63b09762b1bc9a3{\nvertical-align:top;\nbackground-color:#f2f2f2;\n}\n.responsive #top #wrap_all .flex_cell.av-l3crgsu5-f7eba4b0e86b949cb63b09762b1bc9a3{\npadding:30px 30px 30px 30px !important;\n}\n<\/style>\n<div class='flex_cell av-l3crgsu5-f7eba4b0e86b949cb63b09762b1bc9a3 av-gridrow-cell av_one_fifth no_margin content-align-top'  ><div class='flex_cell_inner'><\/div><\/div><\/div>\n","protected":false},"excerpt":{"rendered":"","protected":false},"author":1,"featured_media":0,"parent":0,"menu_order":0,"comment_status":"closed","ping_status":"closed","template":"","meta":{"footnotes":""},"class_list":["post-632","page","type-page","status-publish","hentry"],"yoast_head":"<!-- This site is optimized with the Yoast SEO plugin v17.9 - https:\/\/yoast.com\/wordpress\/plugins\/seo\/ -->\n<title>Aktualno\u015bci - Firma Skowro\u0144ski Recykling<\/title>\n<meta name=\"robots\" content=\"index, follow, max-snippet:-1, max-image-preview:large, max-video-preview:-1\" \/>\n<link rel=\"canonical\" href=\"https:\/\/fsrecykling.pl\/index.php\/aktualnosci\/\" \/>\n<meta property=\"og:locale\" content=\"pl_PL\" \/>\n<meta property=\"og:type\" content=\"article\" \/>\n<meta property=\"og:title\" content=\"Aktualno\u015bci - Firma Skowro\u0144ski Recykling\" \/>\n<meta property=\"og:url\" content=\"https:\/\/fsrecykling.pl\/index.php\/aktualnosci\/\" \/>\n<meta property=\"og:site_name\" content=\"Firma Skowro\u0144ski Recykling\" \/>\n<meta property=\"article:modified_time\" content=\"2022-05-19T08:46:02+00:00\" \/>\n<meta name=\"twitter:card\" content=\"summary_large_image\" \/>\n<meta name=\"twitter:label1\" content=\"Szacowany czas czytania\" \/>\n\t<meta name=\"twitter:data1\" content=\"3 minuty\" \/>\n<script type=\"application\/ld+json\" class=\"yoast-schema-graph\">{\"@context\":\"https:\/\/schema.org\",\"@graph\":[{\"@type\":\"WebSite\",\"@id\":\"https:\/\/fsrecykling.pl\/#website\",\"url\":\"https:\/\/fsrecykling.pl\/\",\"name\":\"Firma Skowro\\u0144ski Recykling\",\"description\":\"\",\"potentialAction\":[{\"@type\":\"SearchAction\",\"target\":{\"@type\":\"EntryPoint\",\"urlTemplate\":\"https:\/\/fsrecykling.pl\/?s={search_term_string}\"},\"query-input\":\"required name=search_term_string\"}],\"inLanguage\":\"pl-PL\"},{\"@type\":\"WebPage\",\"@id\":\"https:\/\/fsrecykling.pl\/index.php\/aktualnosci\/#webpage\",\"url\":\"https:\/\/fsrecykling.pl\/index.php\/aktualnosci\/\",\"name\":\"Aktualno\\u015bci - Firma Skowro\\u0144ski Recykling\",\"isPartOf\":{\"@id\":\"https:\/\/fsrecykling.pl\/#website\"},\"datePublished\":\"2022-05-19T08:32:08+00:00\",\"dateModified\":\"2022-05-19T08:46:02+00:00\",\"breadcrumb\":{\"@id\":\"https:\/\/fsrecykling.pl\/index.php\/aktualnosci\/#breadcrumb\"},\"inLanguage\":\"pl-PL\",\"potentialAction\":[{\"@type\":\"ReadAction\",\"target\":[\"https:\/\/fsrecykling.pl\/index.php\/aktualnosci\/\"]}]},{\"@type\":\"BreadcrumbList\",\"@id\":\"https:\/\/fsrecykling.pl\/index.php\/aktualnosci\/#breadcrumb\",\"itemListElement\":[{\"@type\":\"ListItem\",\"position\":1,\"name\":\"Strona g\\u0142\\u00f3wna\",\"item\":\"https:\/\/fsrecykling.pl\/index.php\/home\/\"},{\"@type\":\"ListItem\",\"position\":2,\"name\":\"Aktualno\\u015bci\"}]}]}<\/script>\n<!-- \/ Yoast SEO plugin. -->","yoast_head_json":{"title":"Aktualno\u015bci - Firma Skowro\u0144ski Recykling","robots":{"index":"index","follow":"follow","max-snippet":"max-snippet:-1","max-image-preview":"max-image-preview:large","max-video-preview":"max-video-preview:-1"},"canonical":"https:\/\/fsrecykling.pl\/index.php\/aktualnosci\/","og_locale":"pl_PL","og_type":"article","og_title":"Aktualno\u015bci - Firma Skowro\u0144ski Recykling","og_url":"https:\/\/fsrecykling.pl\/index.php\/aktualnosci\/","og_site_name":"Firma Skowro\u0144ski Recykling","article_modified_time":"2022-05-19T08:46:02+00:00","twitter_card":"summary_large_image","twitter_misc":{"Szacowany czas czytania":"3 minuty"},"schema":{"@context":"https:\/\/schema.org","@graph":[{"@type":"WebSite","@id":"https:\/\/fsrecykling.pl\/#website","url":"https:\/\/fsrecykling.pl\/","name":"Firma Skowro\u0144ski Recykling","description":"","potentialAction":[{"@type":"SearchAction","target":{"@type":"EntryPoint","urlTemplate":"https:\/\/fsrecykling.pl\/?s={search_term_string}"},"query-input":"required name=search_term_string"}],"inLanguage":"pl-PL"},{"@type":"WebPage","@id":"https:\/\/fsrecykling.pl\/index.php\/aktualnosci\/#webpage","url":"https:\/\/fsrecykling.pl\/index.php\/aktualnosci\/","name":"Aktualno\u015bci - Firma Skowro\u0144ski Recykling","isPartOf":{"@id":"https:\/\/fsrecykling.pl\/#website"},"datePublished":"2022-05-19T08:32:08+00:00","dateModified":"2022-05-19T08:46:02+00:00","breadcrumb":{"@id":"https:\/\/fsrecykling.pl\/index.php\/aktualnosci\/#breadcrumb"},"inLanguage":"pl-PL","potentialAction":[{"@type":"ReadAction","target":["https:\/\/fsrecykling.pl\/index.php\/aktualnosci\/"]}]},{"@type":"BreadcrumbList","@id":"https:\/\/fsrecykling.pl\/index.php\/aktualnosci\/#breadcrumb","itemListElement":[{"@type":"ListItem","position":1,"name":"Strona g\u0142\u00f3wna","item":"https:\/\/fsrecykling.pl\/index.php\/home\/"},{"@type":"ListItem","position":2,"name":"Aktualno\u015bci"}]}]}},"_links":{"self":[{"href":"https:\/\/fsrecykling.pl\/index.php\/wp-json\/wp\/v2\/pages\/632","targetHints":{"allow":["GET"]}}],"collection":[{"href":"https:\/\/fsrecykling.pl\/index.php\/wp-json\/wp\/v2\/pages"}],"about":[{"href":"https:\/\/fsrecykling.pl\/index.php\/wp-json\/wp\/v2\/types\/page"}],"author":[{"embeddable":true,"href":"https:\/\/fsrecykling.pl\/index.php\/wp-json\/wp\/v2\/users\/1"}],"replies":[{"embeddable":true,"href":"https:\/\/fsrecykling.pl\/index.php\/wp-json\/wp\/v2\/comments?post=632"}],"version-history":[{"count":5,"href":"https:\/\/fsrecykling.pl\/index.php\/wp-json\/wp\/v2\/pages\/632\/revisions"}],"predecessor-version":[{"id":656,"href":"https:\/\/fsrecykling.pl\/index.php\/wp-json\/wp\/v2\/pages\/632\/revisions\/656"}],"wp:attachment":[{"href":"https:\/\/fsrecykling.pl\/index.php\/wp-json\/wp\/v2\/media?parent=632"}],"curies":[{"name":"wp","href":"https:\/\/api.w.org\/{rel}","templated":true}]}}